{"id":491,"date":"2023-07-26T02:32:52","date_gmt":"2023-07-26T02:32:52","guid":{"rendered":"https:\/\/www.comreivic.com.pe\/?post_type=product&#038;p=491"},"modified":"2025-06-13T11:50:14","modified_gmt":"2025-06-13T16:50:14","slug":"dx530lca-7m","status":"publish","type":"product","link":"https:\/\/comreivic.com\/web\/producto\/dx530lca-7m\/","title":{"rendered":"Excavadora DX530LCA-7M"},"content":{"rendered":"","protected":false},"excerpt":{"rendered":"<ul>\n<li>Peso Operativo (Kg):<strong>50.900<\/strong><\/li>\n<li>Potencia (hp):<strong>339<\/strong><\/li>\n<li>Capacidad del cuchar\u00f3n (m3):<strong>3.28<\/strong><\/li>\n<li>Fuerza de Excavaci\u00f3n Cuchar\u00f3n-Kfg: <strong>29.900<\/strong><\/li>\n<li>Fuerza de Excavaci\u00f3n Brazo &#8211; Kfg :<strong> 25.700<\/strong><\/li>\n<\/ul>\n<p><a href=\"https:\/\/comreivic.com\/web\/contacto\/\"><img decoding=\"async\" class=\"alignnone  wp-image-1197\" src=\"https:\/\/comreivic.com\/web\/wp-content\/uploads\/2023\/07\/cotizar-300x79.png\" alt=\"\" width=\"171\" height=\"45\" srcset=\"https:\/\/comreivic.com\/web\/wp-content\/uploads\/2023\/07\/cotizar-300x79.png 300w, https:\/\/comreivic.com\/web\/wp-content\/uploads\/2023\/07\/cotizar.png 556w\" sizes=\"(max-width: 171px) 100vw, 171px\" \/><\/a><\/p>\n","protected":false},"featured_media":783,"comment_status":"closed","ping_status":"closed","template":"","meta":{"_editorskit_title_hidden":false,"_editorskit_reading_time":0,"_editorskit_is_block_options_detached":false,"_editorskit_block_options_position":"{}"},"product_brand":[29],"product_cat":[23],"product_tag":[],"class_list":{"0":"post-491","1":"product","2":"type-product","3":"status-publish","4":"has-post-thumbnail","6":"product_brand-develon","7":"product_cat-excavadoras-sobre-oruga","9":"first","10":"instock","11":"downloadable","12":"virtual","13":"product-type-simple"},"yoast_head":"<!-- This site is optimized with the Yoast SEO plugin v26.8 - https:\/\/yoast.com\/product\/yoast-seo-wordpress\/ -->\n<title>Excavadora DX530LCA-7M - COMREIVIC - Impulsando el Desarrollo<\/title>\n<meta name=\"robots\" content=\"index, follow, max-snippet:-1, max-image-preview:large, max-video-preview:-1\" \/>\n<link rel=\"canonical\" href=\"https:\/\/comreivic.com\/web\/producto\/dx530lca-7m\/\" \/>\n<meta property=\"og:locale\" content=\"es_ES\" \/>\n<meta property=\"og:type\" content=\"article\" \/>\n<meta property=\"og:title\" content=\"Excavadora DX530LCA-7M - COMREIVIC - Impulsando el Desarrollo\" \/>\n<meta property=\"og:description\" content=\"Peso Operativo (Kg):50.900  Potencia (hp):339  Capacidad del cuchar\u00f3n (m3):3.28  Fuerza de Excavaci\u00f3n Cuchar\u00f3n-Kfg: 29.900  Fuerza de Excavaci\u00f3n Brazo - Kfg : 25.700\" \/>\n<meta property=\"og:url\" content=\"https:\/\/comreivic.com\/web\/producto\/dx530lca-7m\/\" \/>\n<meta property=\"og:site_name\" content=\"COMREIVIC - Impulsando el Desarrollo\" \/>\n<meta property=\"article:publisher\" content=\"https:\/\/www.facebook.com\/profile.php?id=61558286513507&amp;mibextid=ZbWKwL\" \/>\n<meta property=\"article:modified_time\" content=\"2025-06-13T16:50:14+00:00\" \/>\n<meta property=\"og:image\" content=\"https:\/\/comreivic.com\/web\/wp-content\/uploads\/2023\/07\/20230309-dx530lc-7-studio.jpg\" \/>\n\t<meta property=\"og:image:width\" content=\"2000\" \/>\n\t<meta property=\"og:image:height\" content=\"1350\" \/>\n\t<meta property=\"og:image:type\" content=\"image\/jpeg\" \/>\n<meta name=\"twitter:card\" content=\"summary_large_image\" \/>\n<script type=\"application\/ld+json\" class=\"yoast-schema-graph\">{\"@context\":\"https:\/\/schema.org\",\"@graph\":[{\"@type\":\"WebPage\",\"@id\":\"https:\/\/comreivic.com\/web\/producto\/dx530lca-7m\/\",\"url\":\"https:\/\/comreivic.com\/web\/producto\/dx530lca-7m\/\",\"name\":\"Excavadora DX530LCA-7M - COMREIVIC - Impulsando el Desarrollo\",\"isPartOf\":{\"@id\":\"https:\/\/comreivic.com\/web\/#website\"},\"primaryImageOfPage\":{\"@id\":\"https:\/\/comreivic.com\/web\/producto\/dx530lca-7m\/#primaryimage\"},\"image\":{\"@id\":\"https:\/\/comreivic.com\/web\/producto\/dx530lca-7m\/#primaryimage\"},\"thumbnailUrl\":\"https:\/\/comreivic.com\/web\/wp-content\/uploads\/2023\/07\/20230309-dx530lc-7-studio.jpg\",\"datePublished\":\"2023-07-26T02:32:52+00:00\",\"dateModified\":\"2025-06-13T16:50:14+00:00\",\"breadcrumb\":{\"@id\":\"https:\/\/comreivic.com\/web\/producto\/dx530lca-7m\/#breadcrumb\"},\"inLanguage\":\"es\",\"potentialAction\":[{\"@type\":\"ReadAction\",\"target\":[\"https:\/\/comreivic.com\/web\/producto\/dx530lca-7m\/\"]}]},{\"@type\":\"ImageObject\",\"inLanguage\":\"es\",\"@id\":\"https:\/\/comreivic.com\/web\/producto\/dx530lca-7m\/#primaryimage\",\"url\":\"https:\/\/comreivic.com\/web\/wp-content\/uploads\/2023\/07\/20230309-dx530lc-7-studio.jpg\",\"contentUrl\":\"https:\/\/comreivic.com\/web\/wp-content\/uploads\/2023\/07\/20230309-dx530lc-7-studio.jpg\",\"width\":2000,\"height\":1350},{\"@type\":\"BreadcrumbList\",\"@id\":\"https:\/\/comreivic.com\/web\/producto\/dx530lca-7m\/#breadcrumb\",\"itemListElement\":[{\"@type\":\"ListItem\",\"position\":1,\"name\":\"Portada\",\"item\":\"https:\/\/comreivic.com\/web\/\"},{\"@type\":\"ListItem\",\"position\":2,\"name\":\"Excavadora DX530LCA-7M\"}]},{\"@type\":\"WebSite\",\"@id\":\"https:\/\/comreivic.com\/web\/#website\",\"url\":\"https:\/\/comreivic.com\/web\/\",\"name\":\"COMREIVIC - Impulsando el Desarrollo\",\"description\":\"Equipos y Maquinaria para la Miner\u00eda y Construcci\u00f3n\",\"publisher\":{\"@id\":\"https:\/\/comreivic.com\/web\/#organization\"},\"potentialAction\":[{\"@type\":\"SearchAction\",\"target\":{\"@type\":\"EntryPoint\",\"urlTemplate\":\"https:\/\/comreivic.com\/web\/?s={search_term_string}\"},\"query-input\":{\"@type\":\"PropertyValueSpecification\",\"valueRequired\":true,\"valueName\":\"search_term_string\"}}],\"inLanguage\":\"es\"},{\"@type\":\"Organization\",\"@id\":\"https:\/\/comreivic.com\/web\/#organization\",\"name\":\"COMREIVIC - Impulsando el Desarrollo\",\"url\":\"https:\/\/comreivic.com\/web\/\",\"logo\":{\"@type\":\"ImageObject\",\"inLanguage\":\"es\",\"@id\":\"https:\/\/comreivic.com\/web\/#\/schema\/logo\/image\/\",\"url\":\"https:\/\/comreivic.com\/web\/wp-content\/uploads\/2024\/11\/favicon.png\",\"contentUrl\":\"https:\/\/comreivic.com\/web\/wp-content\/uploads\/2024\/11\/favicon.png\",\"width\":140,\"height\":140,\"caption\":\"COMREIVIC - Impulsando el Desarrollo\"},\"image\":{\"@id\":\"https:\/\/comreivic.com\/web\/#\/schema\/logo\/image\/\"},\"sameAs\":[\"https:\/\/www.facebook.com\/profile.php?id=61558286513507&mibextid=ZbWKwL\",\"https:\/\/www.linkedin.com\/company\/comreivic\",\"https:\/\/www.instagram.com\/comreivic.ec?igsh=M2Z6dXR6ZDN4aGtr\"]}]}<\/script>\n<!-- \/ Yoast SEO plugin. -->","yoast_head_json":{"title":"Excavadora DX530LCA-7M - COMREIVIC - Impulsando el Desarrollo","robots":{"index":"index","follow":"follow","max-snippet":"max-snippet:-1","max-image-preview":"max-image-preview:large","max-video-preview":"max-video-preview:-1"},"canonical":"https:\/\/comreivic.com\/web\/producto\/dx530lca-7m\/","og_locale":"es_ES","og_type":"article","og_title":"Excavadora DX530LCA-7M - COMREIVIC - Impulsando el Desarrollo","og_description":"Peso Operativo (Kg):50.900  Potencia (hp):339  Capacidad del cuchar\u00f3n (m3):3.28  Fuerza de Excavaci\u00f3n Cuchar\u00f3n-Kfg: 29.900  Fuerza de Excavaci\u00f3n Brazo - Kfg : 25.700","og_url":"https:\/\/comreivic.com\/web\/producto\/dx530lca-7m\/","og_site_name":"COMREIVIC - Impulsando el Desarrollo","article_publisher":"https:\/\/www.facebook.com\/profile.php?id=61558286513507&mibextid=ZbWKwL","article_modified_time":"2025-06-13T16:50:14+00:00","og_image":[{"width":2000,"height":1350,"url":"https:\/\/comreivic.com\/web\/wp-content\/uploads\/2023\/07\/20230309-dx530lc-7-studio.jpg","type":"image\/jpeg"}],"twitter_card":"summary_large_image","schema":{"@context":"https:\/\/schema.org","@graph":[{"@type":"WebPage","@id":"https:\/\/comreivic.com\/web\/producto\/dx530lca-7m\/","url":"https:\/\/comreivic.com\/web\/producto\/dx530lca-7m\/","name":"Excavadora DX530LCA-7M - COMREIVIC - Impulsando el Desarrollo","isPartOf":{"@id":"https:\/\/comreivic.com\/web\/#website"},"primaryImageOfPage":{"@id":"https:\/\/comreivic.com\/web\/producto\/dx530lca-7m\/#primaryimage"},"image":{"@id":"https:\/\/comreivic.com\/web\/producto\/dx530lca-7m\/#primaryimage"},"thumbnailUrl":"https:\/\/comreivic.com\/web\/wp-content\/uploads\/2023\/07\/20230309-dx530lc-7-studio.jpg","datePublished":"2023-07-26T02:32:52+00:00","dateModified":"2025-06-13T16:50:14+00:00","breadcrumb":{"@id":"https:\/\/comreivic.com\/web\/producto\/dx530lca-7m\/#breadcrumb"},"inLanguage":"es","potentialAction":[{"@type":"ReadAction","target":["https:\/\/comreivic.com\/web\/producto\/dx530lca-7m\/"]}]},{"@type":"ImageObject","inLanguage":"es","@id":"https:\/\/comreivic.com\/web\/producto\/dx530lca-7m\/#primaryimage","url":"https:\/\/comreivic.com\/web\/wp-content\/uploads\/2023\/07\/20230309-dx530lc-7-studio.jpg","contentUrl":"https:\/\/comreivic.com\/web\/wp-content\/uploads\/2023\/07\/20230309-dx530lc-7-studio.jpg","width":2000,"height":1350},{"@type":"BreadcrumbList","@id":"https:\/\/comreivic.com\/web\/producto\/dx530lca-7m\/#breadcrumb","itemListElement":[{"@type":"ListItem","position":1,"name":"Portada","item":"https:\/\/comreivic.com\/web\/"},{"@type":"ListItem","position":2,"name":"Excavadora DX530LCA-7M"}]},{"@type":"WebSite","@id":"https:\/\/comreivic.com\/web\/#website","url":"https:\/\/comreivic.com\/web\/","name":"COMREIVIC - Impulsando el Desarrollo","description":"Equipos y Maquinaria para la Miner\u00eda y Construcci\u00f3n","publisher":{"@id":"https:\/\/comreivic.com\/web\/#organization"},"potentialAction":[{"@type":"SearchAction","target":{"@type":"EntryPoint","urlTemplate":"https:\/\/comreivic.com\/web\/?s={search_term_string}"},"query-input":{"@type":"PropertyValueSpecification","valueRequired":true,"valueName":"search_term_string"}}],"inLanguage":"es"},{"@type":"Organization","@id":"https:\/\/comreivic.com\/web\/#organization","name":"COMREIVIC - Impulsando el Desarrollo","url":"https:\/\/comreivic.com\/web\/","logo":{"@type":"ImageObject","inLanguage":"es","@id":"https:\/\/comreivic.com\/web\/#\/schema\/logo\/image\/","url":"https:\/\/comreivic.com\/web\/wp-content\/uploads\/2024\/11\/favicon.png","contentUrl":"https:\/\/comreivic.com\/web\/wp-content\/uploads\/2024\/11\/favicon.png","width":140,"height":140,"caption":"COMREIVIC - Impulsando el Desarrollo"},"image":{"@id":"https:\/\/comreivic.com\/web\/#\/schema\/logo\/image\/"},"sameAs":["https:\/\/www.facebook.com\/profile.php?id=61558286513507&mibextid=ZbWKwL","https:\/\/www.linkedin.com\/company\/comreivic","https:\/\/www.instagram.com\/comreivic.ec?igsh=M2Z6dXR6ZDN4aGtr"]}]}},"_links":{"self":[{"href":"https:\/\/comreivic.com\/web\/wp-json\/wp\/v2\/product\/491","targetHints":{"allow":["GET"]}}],"collection":[{"href":"https:\/\/comreivic.com\/web\/wp-json\/wp\/v2\/product"}],"about":[{"href":"https:\/\/comreivic.com\/web\/wp-json\/wp\/v2\/types\/product"}],"replies":[{"embeddable":true,"href":"https:\/\/comreivic.com\/web\/wp-json\/wp\/v2\/comments?post=491"}],"wp:featuredmedia":[{"embeddable":true,"href":"https:\/\/comreivic.com\/web\/wp-json\/wp\/v2\/media\/783"}],"wp:attachment":[{"href":"https:\/\/comreivic.com\/web\/wp-json\/wp\/v2\/media?parent=491"}],"wp:term":[{"taxonomy":"product_brand","embeddable":true,"href":"https:\/\/comreivic.com\/web\/wp-json\/wp\/v2\/product_brand?post=491"},{"taxonomy":"product_cat","embeddable":true,"href":"https:\/\/comreivic.com\/web\/wp-json\/wp\/v2\/product_cat?post=491"},{"taxonomy":"product_tag","embeddable":true,"href":"https:\/\/comreivic.com\/web\/wp-json\/wp\/v2\/product_tag?post=491"}],"curies":[{"name":"wp","href":"https:\/\/api.w.org\/{rel}","templated":true}]}}