{"id":146,"date":"2020-08-17T22:27:46","date_gmt":"2020-08-17T22:27:46","guid":{"rendered":"http:\/\/localhost\/comreivic2020\/?post_type=product&#038;p=146"},"modified":"2025-06-13T12:49:49","modified_gmt":"2025-06-13T17:49:49","slug":"dx190wa","status":"publish","type":"product","link":"https:\/\/comreivic.com\/web\/producto\/dx190wa\/","title":{"rendered":"Excavadora DX190WA"},"content":{"rendered":"","protected":false},"excerpt":{"rendered":"<ul>\n<li>Peso Operativo (t):<strong>18.5<\/strong><\/li>\n<li>Potencia (hp):<strong>155<\/strong><\/li>\n<li>Capacidad del cuchar\u00f3n (m3):<strong>0.82<\/strong><\/li>\n<li>Ancho de zapatas (mm):<strong>&#8211;<\/strong><\/li>\n<li>Alcance max. de excavaci\u00f3n (mm):<strong>9,190<\/strong><\/li>\n<li>Profundidad max. de excavaci\u00f3n (mm):<strong>5,950<\/strong><\/li>\n<\/ul>\n<p><a href=\"https:\/\/comreivic.com\/web\/contacto\/\"><img decoding=\"async\" class=\"alignnone  wp-image-1197\" src=\"https:\/\/comreivic.com\/web\/wp-content\/uploads\/2023\/07\/cotizar-300x79.png\" alt=\"\" width=\"171\" height=\"45\" srcset=\"https:\/\/comreivic.com\/web\/wp-content\/uploads\/2023\/07\/cotizar-300x79.png 300w, https:\/\/comreivic.com\/web\/wp-content\/uploads\/2023\/07\/cotizar.png 556w\" sizes=\"(max-width: 171px) 100vw, 171px\" \/><\/a><\/p>\n","protected":false},"featured_media":148,"comment_status":"open","ping_status":"closed","template":"","meta":{"_editorskit_title_hidden":false,"_editorskit_reading_time":0,"_editorskit_is_block_options_detached":false,"_editorskit_block_options_position":"{}"},"product_brand":[29],"product_cat":[24],"product_tag":[],"class_list":{"0":"post-146","1":"product","2":"type-product","3":"status-publish","4":"has-post-thumbnail","6":"product_brand-develon","7":"product_cat-excavadoras-sobre-ruedas","9":"first","10":"instock","11":"shipping-taxable","12":"product-type-simple"},"yoast_head":"<!-- This site is optimized with the Yoast SEO plugin v26.8 - https:\/\/yoast.com\/product\/yoast-seo-wordpress\/ -->\n<title>Excavadora DX190WA - COMREIVIC - Impulsando el Desarrollo<\/title>\n<meta name=\"robots\" content=\"index, follow, max-snippet:-1, max-image-preview:large, max-video-preview:-1\" \/>\n<link rel=\"canonical\" href=\"https:\/\/comreivic.com\/web\/producto\/dx190wa\/\" \/>\n<meta property=\"og:locale\" content=\"es_ES\" \/>\n<meta property=\"og:type\" content=\"article\" \/>\n<meta property=\"og:title\" content=\"Excavadora DX190WA - COMREIVIC - Impulsando el Desarrollo\" \/>\n<meta property=\"og:description\" content=\"Peso Operativo (t):18.5  Potencia (hp):155  Capacidad del cuchar\u00f3n (m3):0.82  Ancho de zapatas (mm):-  Alcance max. de excavaci\u00f3n (mm):9,190  Profundidad max. de excavaci\u00f3n (mm):5,950\" \/>\n<meta property=\"og:url\" content=\"https:\/\/comreivic.com\/web\/producto\/dx190wa\/\" \/>\n<meta property=\"og:site_name\" content=\"COMREIVIC - Impulsando el Desarrollo\" \/>\n<meta property=\"article:publisher\" content=\"https:\/\/www.facebook.com\/profile.php?id=61558286513507&amp;mibextid=ZbWKwL\" \/>\n<meta property=\"article:modified_time\" content=\"2025-06-13T17:49:49+00:00\" \/>\n<meta property=\"og:image\" content=\"https:\/\/comreivic.com\/web\/wp-content\/uploads\/2020\/08\/DX190WA-0-min.jpg\" \/>\n\t<meta property=\"og:image:width\" content=\"600\" \/>\n\t<meta property=\"og:image:height\" content=\"600\" \/>\n\t<meta property=\"og:image:type\" content=\"image\/jpeg\" \/>\n<meta name=\"twitter:card\" content=\"summary_large_image\" \/>\n<script type=\"application\/ld+json\" class=\"yoast-schema-graph\">{\"@context\":\"https:\/\/schema.org\",\"@graph\":[{\"@type\":\"WebPage\",\"@id\":\"https:\/\/comreivic.com\/web\/producto\/dx190wa\/\",\"url\":\"https:\/\/comreivic.com\/web\/producto\/dx190wa\/\",\"name\":\"Excavadora DX190WA - COMREIVIC - Impulsando el Desarrollo\",\"isPartOf\":{\"@id\":\"https:\/\/comreivic.com\/web\/#website\"},\"primaryImageOfPage\":{\"@id\":\"https:\/\/comreivic.com\/web\/producto\/dx190wa\/#primaryimage\"},\"image\":{\"@id\":\"https:\/\/comreivic.com\/web\/producto\/dx190wa\/#primaryimage\"},\"thumbnailUrl\":\"https:\/\/comreivic.com\/web\/wp-content\/uploads\/2020\/08\/DX190WA-0-min.jpg\",\"datePublished\":\"2020-08-17T22:27:46+00:00\",\"dateModified\":\"2025-06-13T17:49:49+00:00\",\"breadcrumb\":{\"@id\":\"https:\/\/comreivic.com\/web\/producto\/dx190wa\/#breadcrumb\"},\"inLanguage\":\"es\",\"potentialAction\":[{\"@type\":\"ReadAction\",\"target\":[\"https:\/\/comreivic.com\/web\/producto\/dx190wa\/\"]}]},{\"@type\":\"ImageObject\",\"inLanguage\":\"es\",\"@id\":\"https:\/\/comreivic.com\/web\/producto\/dx190wa\/#primaryimage\",\"url\":\"https:\/\/comreivic.com\/web\/wp-content\/uploads\/2020\/08\/DX190WA-0-min.jpg\",\"contentUrl\":\"https:\/\/comreivic.com\/web\/wp-content\/uploads\/2020\/08\/DX190WA-0-min.jpg\",\"width\":600,\"height\":600},{\"@type\":\"BreadcrumbList\",\"@id\":\"https:\/\/comreivic.com\/web\/producto\/dx190wa\/#breadcrumb\",\"itemListElement\":[{\"@type\":\"ListItem\",\"position\":1,\"name\":\"Portada\",\"item\":\"https:\/\/comreivic.com\/web\/\"},{\"@type\":\"ListItem\",\"position\":2,\"name\":\"Excavadora DX190WA\"}]},{\"@type\":\"WebSite\",\"@id\":\"https:\/\/comreivic.com\/web\/#website\",\"url\":\"https:\/\/comreivic.com\/web\/\",\"name\":\"COMREIVIC - Impulsando el Desarrollo\",\"description\":\"Equipos y Maquinaria para la Miner\u00eda y Construcci\u00f3n\",\"publisher\":{\"@id\":\"https:\/\/comreivic.com\/web\/#organization\"},\"potentialAction\":[{\"@type\":\"SearchAction\",\"target\":{\"@type\":\"EntryPoint\",\"urlTemplate\":\"https:\/\/comreivic.com\/web\/?s={search_term_string}\"},\"query-input\":{\"@type\":\"PropertyValueSpecification\",\"valueRequired\":true,\"valueName\":\"search_term_string\"}}],\"inLanguage\":\"es\"},{\"@type\":\"Organization\",\"@id\":\"https:\/\/comreivic.com\/web\/#organization\",\"name\":\"COMREIVIC - Impulsando el Desarrollo\",\"url\":\"https:\/\/comreivic.com\/web\/\",\"logo\":{\"@type\":\"ImageObject\",\"inLanguage\":\"es\",\"@id\":\"https:\/\/comreivic.com\/web\/#\/schema\/logo\/image\/\",\"url\":\"https:\/\/comreivic.com\/web\/wp-content\/uploads\/2024\/11\/favicon.png\",\"contentUrl\":\"https:\/\/comreivic.com\/web\/wp-content\/uploads\/2024\/11\/favicon.png\",\"width\":140,\"height\":140,\"caption\":\"COMREIVIC - Impulsando el Desarrollo\"},\"image\":{\"@id\":\"https:\/\/comreivic.com\/web\/#\/schema\/logo\/image\/\"},\"sameAs\":[\"https:\/\/www.facebook.com\/profile.php?id=61558286513507&mibextid=ZbWKwL\",\"https:\/\/www.linkedin.com\/company\/comreivic\",\"https:\/\/www.instagram.com\/comreivic.ec?igsh=M2Z6dXR6ZDN4aGtr\"]}]}<\/script>\n<!-- \/ Yoast SEO plugin. -->","yoast_head_json":{"title":"Excavadora DX190WA - COMREIVIC - Impulsando el Desarrollo","robots":{"index":"index","follow":"follow","max-snippet":"max-snippet:-1","max-image-preview":"max-image-preview:large","max-video-preview":"max-video-preview:-1"},"canonical":"https:\/\/comreivic.com\/web\/producto\/dx190wa\/","og_locale":"es_ES","og_type":"article","og_title":"Excavadora DX190WA - COMREIVIC - Impulsando el Desarrollo","og_description":"Peso Operativo (t):18.5  Potencia (hp):155  Capacidad del cuchar\u00f3n (m3):0.82  Ancho de zapatas (mm):-  Alcance max. de excavaci\u00f3n (mm):9,190  Profundidad max. de excavaci\u00f3n (mm):5,950","og_url":"https:\/\/comreivic.com\/web\/producto\/dx190wa\/","og_site_name":"COMREIVIC - Impulsando el Desarrollo","article_publisher":"https:\/\/www.facebook.com\/profile.php?id=61558286513507&mibextid=ZbWKwL","article_modified_time":"2025-06-13T17:49:49+00:00","og_image":[{"width":600,"height":600,"url":"https:\/\/comreivic.com\/web\/wp-content\/uploads\/2020\/08\/DX190WA-0-min.jpg","type":"image\/jpeg"}],"twitter_card":"summary_large_image","schema":{"@context":"https:\/\/schema.org","@graph":[{"@type":"WebPage","@id":"https:\/\/comreivic.com\/web\/producto\/dx190wa\/","url":"https:\/\/comreivic.com\/web\/producto\/dx190wa\/","name":"Excavadora DX190WA - COMREIVIC - Impulsando el Desarrollo","isPartOf":{"@id":"https:\/\/comreivic.com\/web\/#website"},"primaryImageOfPage":{"@id":"https:\/\/comreivic.com\/web\/producto\/dx190wa\/#primaryimage"},"image":{"@id":"https:\/\/comreivic.com\/web\/producto\/dx190wa\/#primaryimage"},"thumbnailUrl":"https:\/\/comreivic.com\/web\/wp-content\/uploads\/2020\/08\/DX190WA-0-min.jpg","datePublished":"2020-08-17T22:27:46+00:00","dateModified":"2025-06-13T17:49:49+00:00","breadcrumb":{"@id":"https:\/\/comreivic.com\/web\/producto\/dx190wa\/#breadcrumb"},"inLanguage":"es","potentialAction":[{"@type":"ReadAction","target":["https:\/\/comreivic.com\/web\/producto\/dx190wa\/"]}]},{"@type":"ImageObject","inLanguage":"es","@id":"https:\/\/comreivic.com\/web\/producto\/dx190wa\/#primaryimage","url":"https:\/\/comreivic.com\/web\/wp-content\/uploads\/2020\/08\/DX190WA-0-min.jpg","contentUrl":"https:\/\/comreivic.com\/web\/wp-content\/uploads\/2020\/08\/DX190WA-0-min.jpg","width":600,"height":600},{"@type":"BreadcrumbList","@id":"https:\/\/comreivic.com\/web\/producto\/dx190wa\/#breadcrumb","itemListElement":[{"@type":"ListItem","position":1,"name":"Portada","item":"https:\/\/comreivic.com\/web\/"},{"@type":"ListItem","position":2,"name":"Excavadora DX190WA"}]},{"@type":"WebSite","@id":"https:\/\/comreivic.com\/web\/#website","url":"https:\/\/comreivic.com\/web\/","name":"COMREIVIC - Impulsando el Desarrollo","description":"Equipos y Maquinaria para la Miner\u00eda y Construcci\u00f3n","publisher":{"@id":"https:\/\/comreivic.com\/web\/#organization"},"potentialAction":[{"@type":"SearchAction","target":{"@type":"EntryPoint","urlTemplate":"https:\/\/comreivic.com\/web\/?s={search_term_string}"},"query-input":{"@type":"PropertyValueSpecification","valueRequired":true,"valueName":"search_term_string"}}],"inLanguage":"es"},{"@type":"Organization","@id":"https:\/\/comreivic.com\/web\/#organization","name":"COMREIVIC - Impulsando el Desarrollo","url":"https:\/\/comreivic.com\/web\/","logo":{"@type":"ImageObject","inLanguage":"es","@id":"https:\/\/comreivic.com\/web\/#\/schema\/logo\/image\/","url":"https:\/\/comreivic.com\/web\/wp-content\/uploads\/2024\/11\/favicon.png","contentUrl":"https:\/\/comreivic.com\/web\/wp-content\/uploads\/2024\/11\/favicon.png","width":140,"height":140,"caption":"COMREIVIC - Impulsando el Desarrollo"},"image":{"@id":"https:\/\/comreivic.com\/web\/#\/schema\/logo\/image\/"},"sameAs":["https:\/\/www.facebook.com\/profile.php?id=61558286513507&mibextid=ZbWKwL","https:\/\/www.linkedin.com\/company\/comreivic","https:\/\/www.instagram.com\/comreivic.ec?igsh=M2Z6dXR6ZDN4aGtr"]}]}},"_links":{"self":[{"href":"https:\/\/comreivic.com\/web\/wp-json\/wp\/v2\/product\/146","targetHints":{"allow":["GET"]}}],"collection":[{"href":"https:\/\/comreivic.com\/web\/wp-json\/wp\/v2\/product"}],"about":[{"href":"https:\/\/comreivic.com\/web\/wp-json\/wp\/v2\/types\/product"}],"replies":[{"embeddable":true,"href":"https:\/\/comreivic.com\/web\/wp-json\/wp\/v2\/comments?post=146"}],"wp:featuredmedia":[{"embeddable":true,"href":"https:\/\/comreivic.com\/web\/wp-json\/wp\/v2\/media\/148"}],"wp:attachment":[{"href":"https:\/\/comreivic.com\/web\/wp-json\/wp\/v2\/media?parent=146"}],"wp:term":[{"taxonomy":"product_brand","embeddable":true,"href":"https:\/\/comreivic.com\/web\/wp-json\/wp\/v2\/product_brand?post=146"},{"taxonomy":"product_cat","embeddable":true,"href":"https:\/\/comreivic.com\/web\/wp-json\/wp\/v2\/product_cat?post=146"},{"taxonomy":"product_tag","embeddable":true,"href":"https:\/\/comreivic.com\/web\/wp-json\/wp\/v2\/product_tag?post=146"}],"curies":[{"name":"wp","href":"https:\/\/api.w.org\/{rel}","templated":true}]}}