{"id":55,"date":"2020-08-13T21:45:40","date_gmt":"2020-08-13T21:45:40","guid":{"rendered":"http:\/\/localhost\/comreivic2020\/?page_id=55"},"modified":"2024-08-01T12:46:15","modified_gmt":"2024-08-01T17:46:15","slug":"servicios","status":"publish","type":"page","link":"https:\/\/comreivic.com\/web\/servicios\/","title":{"rendered":"Servicios"},"content":{"rendered":"<div class=\"wp-block-columns is-layout-flex wp-container-core-columns-is-layout-1 wp-block-columns-is-layout-flex\"><div class=\"wp-block-column item-servicio is-layout-flow wp-block-column-is-layout-flow\"><div class=\"wp-block-group titulo-i-servicio ek-linked-block\"><div class=\"wp-block-group__inner-container is-layout-flow wp-block-group-is-layout-flow\"><h2 class=\"wp-block-heading\">ATENCI\u00d3N POSTVENTA<\/h2><a href=\"\/atencion-posventa\/\" class=\"editorskit-block-link\" rel=\"\"><\/a><\/div><\/div>\n\n<div class=\"wp-block-group imagen-i-servicio\"><div class=\"wp-block-group__inner-container is-layout-flow wp-block-group-is-layout-flow\"><figure class=\"wp-block-image size-large\"><img decoding=\"async\" width=\"1024\" height=\"682\" src=\"https:\/\/comreivic.com\/web\/wp-content\/uploads\/2024\/07\/WhatsApp-Image-2024-07-15-at-15.44.23-1024x682.jpeg\" alt=\"\" class=\"wp-image-1128\" srcset=\"https:\/\/comreivic.com\/web\/wp-content\/uploads\/2024\/07\/WhatsApp-Image-2024-07-15-at-15.44.23-1024x682.jpeg 1024w, https:\/\/comreivic.com\/web\/wp-content\/uploads\/2024\/07\/WhatsApp-Image-2024-07-15-at-15.44.23-300x200.jpeg 300w, https:\/\/comreivic.com\/web\/wp-content\/uploads\/2024\/07\/WhatsApp-Image-2024-07-15-at-15.44.23-768x512.jpeg 768w, https:\/\/comreivic.com\/web\/wp-content\/uploads\/2024\/07\/WhatsApp-Image-2024-07-15-at-15.44.23-1536x1023.jpeg 1536w, https:\/\/comreivic.com\/web\/wp-content\/uploads\/2024\/07\/WhatsApp-Image-2024-07-15-at-15.44.23-600x400.jpeg 600w, https:\/\/comreivic.com\/web\/wp-content\/uploads\/2024\/07\/WhatsApp-Image-2024-07-15-at-15.44.23.jpeg 1600w\" sizes=\"(max-width: 1024px) 100vw, 1024px\" \/><\/figure><\/div><\/div>\n\n<div class=\"wp-block-group texto-i-servicio\"><div class=\"wp-block-group__inner-container is-layout-flow wp-block-group-is-layout-flow\"><p>Nuestras relaciones comerciales nacen con la compra de nuestros productos y se afianzan con la atenci\u00f3n oportuna de las necesidades de nuestros clientes en cuanto a reparaci\u00f3n, mantenimiento y venta de repuestos.<\/p><\/div><\/div>\n\n<div class=\"wp-block-group leermas-i-servicio\"><div class=\"wp-block-group__inner-container is-layout-flow wp-block-group-is-layout-flow\"><p><a href=\"contacto\/\" class=\"ek-link\">Contactar<\/a><\/p><\/div><\/div><\/div>\n\n<div class=\"wp-block-column item-servicio is-layout-flow wp-block-column-is-layout-flow\"><div class=\"wp-block-group titulo-i-servicio ek-linked-block\"><div class=\"wp-block-group__inner-container is-layout-flow wp-block-group-is-layout-flow\"><h2 class=\"wp-block-heading\">CAPACITACI\u00d3N T\u00c9CNICA<\/h2><a href=\"\/capacitacion-tecnica\/\" class=\"editorskit-block-link\" rel=\"\"><\/a><\/div><\/div>\n\n<div class=\"wp-block-group imagen-i-servicio\"><div class=\"wp-block-group__inner-container is-layout-flow wp-block-group-is-layout-flow\"><figure class=\"wp-block-image size-large\"><img decoding=\"async\" width=\"1024\" height=\"682\" src=\"https:\/\/comreivic.com\/web\/wp-content\/uploads\/2024\/07\/WhatsApp-Image-2024-07-15-at-15.46.00-1024x682.jpeg\" alt=\"\" class=\"wp-image-1129\" srcset=\"https:\/\/comreivic.com\/web\/wp-content\/uploads\/2024\/07\/WhatsApp-Image-2024-07-15-at-15.46.00-1024x682.jpeg 1024w, https:\/\/comreivic.com\/web\/wp-content\/uploads\/2024\/07\/WhatsApp-Image-2024-07-15-at-15.46.00-300x200.jpeg 300w, https:\/\/comreivic.com\/web\/wp-content\/uploads\/2024\/07\/WhatsApp-Image-2024-07-15-at-15.46.00-768x512.jpeg 768w, https:\/\/comreivic.com\/web\/wp-content\/uploads\/2024\/07\/WhatsApp-Image-2024-07-15-at-15.46.00-1536x1023.jpeg 1536w, https:\/\/comreivic.com\/web\/wp-content\/uploads\/2024\/07\/WhatsApp-Image-2024-07-15-at-15.46.00-600x400.jpeg 600w, https:\/\/comreivic.com\/web\/wp-content\/uploads\/2024\/07\/WhatsApp-Image-2024-07-15-at-15.46.00.jpeg 1600w\" sizes=\"(max-width: 1024px) 100vw, 1024px\" \/><\/figure><\/div><\/div>\n\n<div class=\"wp-block-group texto-i-servicio\"><div class=\"wp-block-group__inner-container is-layout-flow wp-block-group-is-layout-flow\"><p>Nuestro stock de repuestos nos permite una r\u00e1pida respuesta a sus necesidades.<\/p><\/div><\/div>\n\n<div class=\"wp-block-group leermas-i-servicio\"><div class=\"wp-block-group__inner-container is-layout-flow wp-block-group-is-layout-flow\"><p><a href=\"contacto\/\" class=\"ek-link\">Contactar<\/a><\/p><\/div><\/div><\/div><\/div><div class=\"wp-block-columns is-layout-flex wp-container-core-columns-is-layout-2 wp-block-columns-is-layout-flex\"><div class=\"wp-block-column item-servicio is-layout-flow wp-block-column-is-layout-flow\"><div class=\"wp-block-group titulo-i-servicio ek-linked-block\"><div class=\"wp-block-group__inner-container is-layout-flow wp-block-group-is-layout-flow\"><h2 class=\"wp-block-heading\">CONTRATOS DE MANTENIMIENTO<\/h2><a href=\"\/contratos-de-mantenimiento\/\" class=\"editorskit-block-link\" rel=\"\"><\/a><\/div><\/div>\n\n<div class=\"wp-block-group imagen-i-servicio\"><div class=\"wp-block-group__inner-container is-layout-flow wp-block-group-is-layout-flow\"><figure class=\"wp-block-image size-large\"><img decoding=\"async\" width=\"594\" height=\"373\" src=\"https:\/\/comreivic.com\/web\/wp-content\/uploads\/2020\/08\/mantenimientoservicio-min.jpg\" alt=\"\" class=\"wp-image-56\" srcset=\"https:\/\/comreivic.com\/web\/wp-content\/uploads\/2020\/08\/mantenimientoservicio-min.jpg 594w, https:\/\/comreivic.com\/web\/wp-content\/uploads\/2020\/08\/mantenimientoservicio-min-300x188.jpg 300w\" sizes=\"(max-width: 594px) 100vw, 594px\" \/><\/figure><\/div><\/div>\n\n<div class=\"wp-block-group texto-i-servicio\"><div class=\"wp-block-group__inner-container is-layout-flow wp-block-group-is-layout-flow\"><p>Nuestro stock de repuestos  nos permite una r\u00e1pida respuesta a sus necesidades.<\/p><\/div><\/div>\n\n<div class=\"wp-block-group leermas-i-servicio\"><div class=\"wp-block-group__inner-container is-layout-flow wp-block-group-is-layout-flow\"><p><a href=\"contacto\/\">Contactar<\/a><\/p><\/div><\/div><\/div>\n\n<div class=\"wp-block-column item-servicio is-layout-flow wp-block-column-is-layout-flow\"><div class=\"wp-block-group titulo-i-servicio ek-linked-block\"><div class=\"wp-block-group__inner-container is-layout-flow wp-block-group-is-layout-flow\"><h2 class=\"wp-block-heading\">GARANT\u00cdA<\/h2><a href=\"\/garantias\/\" class=\"editorskit-block-link\" rel=\"\"><\/a><\/div><\/div>\n\n<div class=\"wp-block-group imagen-i-servicio\"><div class=\"wp-block-group__inner-container is-layout-flow wp-block-group-is-layout-flow\"><figure class=\"wp-block-image size-large\"><img decoding=\"async\" width=\"1024\" height=\"682\" src=\"https:\/\/comreivic.com\/web\/wp-content\/uploads\/2024\/07\/WhatsApp-Image-2024-07-15-at-15.47.18-1024x682.jpeg\" alt=\"\" class=\"wp-image-1132\" srcset=\"https:\/\/comreivic.com\/web\/wp-content\/uploads\/2024\/07\/WhatsApp-Image-2024-07-15-at-15.47.18-1024x682.jpeg 1024w, https:\/\/comreivic.com\/web\/wp-content\/uploads\/2024\/07\/WhatsApp-Image-2024-07-15-at-15.47.18-300x200.jpeg 300w, https:\/\/comreivic.com\/web\/wp-content\/uploads\/2024\/07\/WhatsApp-Image-2024-07-15-at-15.47.18-768x512.jpeg 768w, https:\/\/comreivic.com\/web\/wp-content\/uploads\/2024\/07\/WhatsApp-Image-2024-07-15-at-15.47.18-1536x1023.jpeg 1536w, https:\/\/comreivic.com\/web\/wp-content\/uploads\/2024\/07\/WhatsApp-Image-2024-07-15-at-15.47.18-600x400.jpeg 600w, https:\/\/comreivic.com\/web\/wp-content\/uploads\/2024\/07\/WhatsApp-Image-2024-07-15-at-15.47.18.jpeg 1600w\" sizes=\"(max-width: 1024px) 100vw, 1024px\" \/><\/figure><\/div><\/div>\n\n<div class=\"wp-block-group texto-i-servicio\"><div class=\"wp-block-group__inner-container is-layout-flow wp-block-group-is-layout-flow\"><p>Nuestro stock de repuestos en todo el pa\u00eds nos permite una r\u00e1pida respuesta a sus necesidades.<\/p><\/div><\/div>\n\n<div class=\"wp-block-group leermas-i-servicio\"><div class=\"wp-block-group__inner-container is-layout-flow wp-block-group-is-layout-flow\"><p><a href=\"contacto\/\">Contactar<\/a><\/p><\/div><\/div><\/div><\/div>","protected":false},"excerpt":{"rendered":"<p>ATENCI\u00d3N POSTVENTA Nuestras relaciones comerciales nacen con la compra de nuestros productos y se afianzan con la atenci\u00f3n oportuna de las necesidades de nuestros clientes en cuanto a reparaci\u00f3n, mantenimiento y venta de repuestos. Contactar CAPACITACI\u00d3N T\u00c9CNICA Nuestro stock de repuestos nos permite una r\u00e1pida respuesta a sus necesidades. Contactar CONTRATOS DE MANTENIMIENTO Nuestro stock [&hellip;]<\/p>\n","protected":false},"author":1,"featured_media":1134,"parent":0,"menu_order":0,"comment_status":"closed","ping_status":"closed","template":"page-other.php","meta":{"_editorskit_title_hidden":false,"_editorskit_reading_time":0,"_editorskit_is_block_options_detached":false,"_editorskit_block_options_position":"{}","footnotes":""},"class_list":["post-55","page","type-page","status-publish","has-post-thumbnail","hentry"],"yoast_head":"<!-- This site is optimized with the Yoast SEO plugin v26.8 - https:\/\/yoast.com\/product\/yoast-seo-wordpress\/ -->\n<title>Servicios - COMREIVIC - Impulsando el Desarrollo<\/title>\n<meta name=\"robots\" content=\"index, follow, max-snippet:-1, max-image-preview:large, max-video-preview:-1\" \/>\n<link rel=\"canonical\" href=\"https:\/\/comreivic.com\/web\/servicios\/\" \/>\n<meta property=\"og:locale\" content=\"es_ES\" \/>\n<meta property=\"og:type\" content=\"article\" \/>\n<meta property=\"og:title\" content=\"Servicios - COMREIVIC - Impulsando el Desarrollo\" \/>\n<meta property=\"og:description\" content=\"ATENCI\u00d3N POSTVENTA Nuestras relaciones comerciales nacen con la compra de nuestros productos y se afianzan con la atenci\u00f3n oportuna de las necesidades de nuestros clientes en cuanto a reparaci\u00f3n, mantenimiento y venta de repuestos. Contactar CAPACITACI\u00d3N T\u00c9CNICA Nuestro stock de repuestos nos permite una r\u00e1pida respuesta a sus necesidades. Contactar CONTRATOS DE MANTENIMIENTO Nuestro stock [&hellip;]\" \/>\n<meta property=\"og:url\" content=\"https:\/\/comreivic.com\/web\/servicios\/\" \/>\n<meta property=\"og:site_name\" content=\"COMREIVIC - Impulsando el Desarrollo\" \/>\n<meta property=\"article:publisher\" content=\"https:\/\/www.facebook.com\/profile.php?id=61558286513507&amp;mibextid=ZbWKwL\" \/>\n<meta property=\"article:modified_time\" content=\"2024-08-01T17:46:15+00:00\" \/>\n<meta property=\"og:image\" content=\"https:\/\/comreivic.com\/web\/wp-content\/uploads\/2024\/07\/servicios.jpg\" \/>\n\t<meta property=\"og:image:width\" content=\"900\" \/>\n\t<meta property=\"og:image:height\" content=\"523\" \/>\n\t<meta property=\"og:image:type\" content=\"image\/jpeg\" \/>\n<meta name=\"twitter:card\" content=\"summary_large_image\" \/>\n<script type=\"application\/ld+json\" class=\"yoast-schema-graph\">{\"@context\":\"https:\/\/schema.org\",\"@graph\":[{\"@type\":\"WebPage\",\"@id\":\"https:\/\/comreivic.com\/web\/servicios\/\",\"url\":\"https:\/\/comreivic.com\/web\/servicios\/\",\"name\":\"Servicios - COMREIVIC - Impulsando el Desarrollo\",\"isPartOf\":{\"@id\":\"https:\/\/comreivic.com\/web\/#website\"},\"primaryImageOfPage\":{\"@id\":\"https:\/\/comreivic.com\/web\/servicios\/#primaryimage\"},\"image\":{\"@id\":\"https:\/\/comreivic.com\/web\/servicios\/#primaryimage\"},\"thumbnailUrl\":\"https:\/\/comreivic.com\/web\/wp-content\/uploads\/2024\/07\/servicios.jpg\",\"datePublished\":\"2020-08-13T21:45:40+00:00\",\"dateModified\":\"2024-08-01T17:46:15+00:00\",\"breadcrumb\":{\"@id\":\"https:\/\/comreivic.com\/web\/servicios\/#breadcrumb\"},\"inLanguage\":\"es\",\"potentialAction\":[{\"@type\":\"ReadAction\",\"target\":[\"https:\/\/comreivic.com\/web\/servicios\/\"]}]},{\"@type\":\"ImageObject\",\"inLanguage\":\"es\",\"@id\":\"https:\/\/comreivic.com\/web\/servicios\/#primaryimage\",\"url\":\"https:\/\/comreivic.com\/web\/wp-content\/uploads\/2024\/07\/servicios.jpg\",\"contentUrl\":\"https:\/\/comreivic.com\/web\/wp-content\/uploads\/2024\/07\/servicios.jpg\",\"width\":900,\"height\":523},{\"@type\":\"BreadcrumbList\",\"@id\":\"https:\/\/comreivic.com\/web\/servicios\/#breadcrumb\",\"itemListElement\":[{\"@type\":\"ListItem\",\"position\":1,\"name\":\"Portada\",\"item\":\"https:\/\/comreivic.com\/web\/\"},{\"@type\":\"ListItem\",\"position\":2,\"name\":\"Servicios\"}]},{\"@type\":\"WebSite\",\"@id\":\"https:\/\/comreivic.com\/web\/#website\",\"url\":\"https:\/\/comreivic.com\/web\/\",\"name\":\"COMREIVIC - Impulsando el Desarrollo\",\"description\":\"Equipos y Maquinaria para la Miner\u00eda y Construcci\u00f3n\",\"publisher\":{\"@id\":\"https:\/\/comreivic.com\/web\/#organization\"},\"potentialAction\":[{\"@type\":\"SearchAction\",\"target\":{\"@type\":\"EntryPoint\",\"urlTemplate\":\"https:\/\/comreivic.com\/web\/?s={search_term_string}\"},\"query-input\":{\"@type\":\"PropertyValueSpecification\",\"valueRequired\":true,\"valueName\":\"search_term_string\"}}],\"inLanguage\":\"es\"},{\"@type\":\"Organization\",\"@id\":\"https:\/\/comreivic.com\/web\/#organization\",\"name\":\"COMREIVIC - Impulsando el Desarrollo\",\"url\":\"https:\/\/comreivic.com\/web\/\",\"logo\":{\"@type\":\"ImageObject\",\"inLanguage\":\"es\",\"@id\":\"https:\/\/comreivic.com\/web\/#\/schema\/logo\/image\/\",\"url\":\"https:\/\/comreivic.com\/web\/wp-content\/uploads\/2024\/11\/favicon.png\",\"contentUrl\":\"https:\/\/comreivic.com\/web\/wp-content\/uploads\/2024\/11\/favicon.png\",\"width\":140,\"height\":140,\"caption\":\"COMREIVIC - Impulsando el Desarrollo\"},\"image\":{\"@id\":\"https:\/\/comreivic.com\/web\/#\/schema\/logo\/image\/\"},\"sameAs\":[\"https:\/\/www.facebook.com\/profile.php?id=61558286513507&mibextid=ZbWKwL\",\"https:\/\/www.linkedin.com\/company\/comreivic\",\"https:\/\/www.instagram.com\/comreivic.ec?igsh=M2Z6dXR6ZDN4aGtr\"]}]}<\/script>\n<!-- \/ Yoast SEO plugin. -->","yoast_head_json":{"title":"Servicios - COMREIVIC - Impulsando el Desarrollo","robots":{"index":"index","follow":"follow","max-snippet":"max-snippet:-1","max-image-preview":"max-image-preview:large","max-video-preview":"max-video-preview:-1"},"canonical":"https:\/\/comreivic.com\/web\/servicios\/","og_locale":"es_ES","og_type":"article","og_title":"Servicios - COMREIVIC - Impulsando el Desarrollo","og_description":"ATENCI\u00d3N POSTVENTA Nuestras relaciones comerciales nacen con la compra de nuestros productos y se afianzan con la atenci\u00f3n oportuna de las necesidades de nuestros clientes en cuanto a reparaci\u00f3n, mantenimiento y venta de repuestos. Contactar CAPACITACI\u00d3N T\u00c9CNICA Nuestro stock de repuestos nos permite una r\u00e1pida respuesta a sus necesidades. Contactar CONTRATOS DE MANTENIMIENTO Nuestro stock [&hellip;]","og_url":"https:\/\/comreivic.com\/web\/servicios\/","og_site_name":"COMREIVIC - Impulsando el Desarrollo","article_publisher":"https:\/\/www.facebook.com\/profile.php?id=61558286513507&mibextid=ZbWKwL","article_modified_time":"2024-08-01T17:46:15+00:00","og_image":[{"width":900,"height":523,"url":"https:\/\/comreivic.com\/web\/wp-content\/uploads\/2024\/07\/servicios.jpg","type":"image\/jpeg"}],"twitter_card":"summary_large_image","schema":{"@context":"https:\/\/schema.org","@graph":[{"@type":"WebPage","@id":"https:\/\/comreivic.com\/web\/servicios\/","url":"https:\/\/comreivic.com\/web\/servicios\/","name":"Servicios - COMREIVIC - Impulsando el Desarrollo","isPartOf":{"@id":"https:\/\/comreivic.com\/web\/#website"},"primaryImageOfPage":{"@id":"https:\/\/comreivic.com\/web\/servicios\/#primaryimage"},"image":{"@id":"https:\/\/comreivic.com\/web\/servicios\/#primaryimage"},"thumbnailUrl":"https:\/\/comreivic.com\/web\/wp-content\/uploads\/2024\/07\/servicios.jpg","datePublished":"2020-08-13T21:45:40+00:00","dateModified":"2024-08-01T17:46:15+00:00","breadcrumb":{"@id":"https:\/\/comreivic.com\/web\/servicios\/#breadcrumb"},"inLanguage":"es","potentialAction":[{"@type":"ReadAction","target":["https:\/\/comreivic.com\/web\/servicios\/"]}]},{"@type":"ImageObject","inLanguage":"es","@id":"https:\/\/comreivic.com\/web\/servicios\/#primaryimage","url":"https:\/\/comreivic.com\/web\/wp-content\/uploads\/2024\/07\/servicios.jpg","contentUrl":"https:\/\/comreivic.com\/web\/wp-content\/uploads\/2024\/07\/servicios.jpg","width":900,"height":523},{"@type":"BreadcrumbList","@id":"https:\/\/comreivic.com\/web\/servicios\/#breadcrumb","itemListElement":[{"@type":"ListItem","position":1,"name":"Portada","item":"https:\/\/comreivic.com\/web\/"},{"@type":"ListItem","position":2,"name":"Servicios"}]},{"@type":"WebSite","@id":"https:\/\/comreivic.com\/web\/#website","url":"https:\/\/comreivic.com\/web\/","name":"COMREIVIC - Impulsando el Desarrollo","description":"Equipos y Maquinaria para la Miner\u00eda y Construcci\u00f3n","publisher":{"@id":"https:\/\/comreivic.com\/web\/#organization"},"potentialAction":[{"@type":"SearchAction","target":{"@type":"EntryPoint","urlTemplate":"https:\/\/comreivic.com\/web\/?s={search_term_string}"},"query-input":{"@type":"PropertyValueSpecification","valueRequired":true,"valueName":"search_term_string"}}],"inLanguage":"es"},{"@type":"Organization","@id":"https:\/\/comreivic.com\/web\/#organization","name":"COMREIVIC - Impulsando el Desarrollo","url":"https:\/\/comreivic.com\/web\/","logo":{"@type":"ImageObject","inLanguage":"es","@id":"https:\/\/comreivic.com\/web\/#\/schema\/logo\/image\/","url":"https:\/\/comreivic.com\/web\/wp-content\/uploads\/2024\/11\/favicon.png","contentUrl":"https:\/\/comreivic.com\/web\/wp-content\/uploads\/2024\/11\/favicon.png","width":140,"height":140,"caption":"COMREIVIC - Impulsando el Desarrollo"},"image":{"@id":"https:\/\/comreivic.com\/web\/#\/schema\/logo\/image\/"},"sameAs":["https:\/\/www.facebook.com\/profile.php?id=61558286513507&mibextid=ZbWKwL","https:\/\/www.linkedin.com\/company\/comreivic","https:\/\/www.instagram.com\/comreivic.ec?igsh=M2Z6dXR6ZDN4aGtr"]}]}},"_links":{"self":[{"href":"https:\/\/comreivic.com\/web\/wp-json\/wp\/v2\/pages\/55","targetHints":{"allow":["GET"]}}],"collection":[{"href":"https:\/\/comreivic.com\/web\/wp-json\/wp\/v2\/pages"}],"about":[{"href":"https:\/\/comreivic.com\/web\/wp-json\/wp\/v2\/types\/page"}],"author":[{"embeddable":true,"href":"https:\/\/comreivic.com\/web\/wp-json\/wp\/v2\/users\/1"}],"replies":[{"embeddable":true,"href":"https:\/\/comreivic.com\/web\/wp-json\/wp\/v2\/comments?post=55"}],"version-history":[{"count":10,"href":"https:\/\/comreivic.com\/web\/wp-json\/wp\/v2\/pages\/55\/revisions"}],"predecessor-version":[{"id":1155,"href":"https:\/\/comreivic.com\/web\/wp-json\/wp\/v2\/pages\/55\/revisions\/1155"}],"wp:featuredmedia":[{"embeddable":true,"href":"https:\/\/comreivic.com\/web\/wp-json\/wp\/v2\/media\/1134"}],"wp:attachment":[{"href":"https:\/\/comreivic.com\/web\/wp-json\/wp\/v2\/media?parent=55"}],"curies":[{"name":"wp","href":"https:\/\/api.w.org\/{rel}","templated":true}]}}