{"id":38,"date":"2020-08-13T21:39:32","date_gmt":"2020-08-13T21:39:32","guid":{"rendered":"http:\/\/localhost\/comreivic2020\/?page_id=38"},"modified":"2025-06-13T08:55:54","modified_gmt":"2025-06-13T13:55:54","slug":"nosotros","status":"publish","type":"page","link":"https:\/\/comreivic.com\/web\/nosotros\/","title":{"rendered":"Nosotros"},"content":{"rendered":"<div class=\"wp-block-columns desc-nosotros is-layout-flex wp-container-core-columns-is-layout-1 wp-block-columns-is-layout-flex\"><div class=\"wp-block-column col-nosotros is-layout-flow wp-block-column-is-layout-flow\"><figure class=\"wp-block-image size-large imagen-nosotros\"><img decoding=\"async\" width=\"374\" height=\"249\" src=\"https:\/\/comreivic.com\/web\/wp-content\/uploads\/2020\/09\/img-texto-nosotros-min.jpg\" alt=\"\" class=\"wp-image-372\" srcset=\"https:\/\/comreivic.com\/web\/wp-content\/uploads\/2020\/09\/img-texto-nosotros-min.jpg 374w, https:\/\/comreivic.com\/web\/wp-content\/uploads\/2020\/09\/img-texto-nosotros-min-300x200.jpg 300w\" sizes=\"(max-width: 374px) 100vw, 374px\" \/><\/figure>\n\n<p><\/p><\/div>\n\n<div class=\"wp-block-column col-nosotros is-layout-flow wp-block-column-is-layout-flow\"><p class=\"texto-nosotros\">COMREIVIC S.A. fundada en 1986, consolida una larga trayectoria en los rubros de miner\u00eda y construcci\u00f3n, con su sede central en Quito-Ecuador y sucursales en Guayaquil, en el 2010 inicia operaciones en Per\u00fa, teniendo sedes en Lima, Trujillo, Piura, Arequipa y Tarapoto, ofreciendo atenci\u00f3n para la adquisici\u00f3n, operaci\u00f3n, mantenimiento y reparaci\u00f3n de maquinaria pesada.<\/p><\/div><\/div><p><\/p><div class=\"wp-block-columns vym-nosotros is-layout-flex wp-container-core-columns-is-layout-2 wp-block-columns-is-layout-flex\"><div class=\"wp-block-column is-layout-flow wp-block-column-is-layout-flow\"><figure class=\"wp-block-image size-large\"><img decoding=\"async\" width=\"530\" height=\"407\" src=\"https:\/\/comreivic.com\/web\/wp-content\/uploads\/2020\/08\/img-myv-min.png\" alt=\"\" class=\"wp-image-43\" srcset=\"https:\/\/comreivic.com\/web\/wp-content\/uploads\/2020\/08\/img-myv-min.png 530w, https:\/\/comreivic.com\/web\/wp-content\/uploads\/2020\/08\/img-myv-min-300x230.png 300w\" sizes=\"(max-width: 530px) 100vw, 530px\" \/><\/figure><\/div>\n\n<div class=\"wp-block-column is-layout-flow wp-block-column-is-layout-flow\"><div class=\"wp-block-group texto-myv\"><div class=\"wp-block-group__inner-container is-layout-flow wp-block-group-is-layout-flow\"><h2 class=\"wp-block-heading\">Misi\u00f3n<\/h2>\n\n<p><strong>Proveer soluciones confiables<\/strong> en maquinaria, repuestos y servicios postventa para los sectores de construcci\u00f3n y miner\u00eda, <strong>aportando al crecimiento sostenible<\/strong> de nuestros clientes y del pa\u00eds.<\/p><\/div><\/div>\n\n<div class=\"wp-block-group texto-myv\"><div class=\"wp-block-group__inner-container is-layout-flow wp-block-group-is-layout-flow\"><h2 class=\"wp-block-heading\">Visi\u00f3n<\/h2>\n\n<p><strong>Ser la marca referente<\/strong> en Ecuador y Per\u00fa en provisi\u00f3n de maquinaria pesada, repuestos genuinos y servicios especializados, gracias a nuestra innovaci\u00f3n, cercan\u00eda y compromiso con el cliente.<\/p><\/div><\/div><\/div><\/div><div class=\"wp-block-group valores\"><div class=\"wp-block-group__inner-container is-layout-flow wp-block-group-is-layout-flow\"><h2 class=\"wp-block-heading\">NUESTROS VALORES<\/h2>\n\n<ul class=\"wp-block-list\"><li><img decoding=\"async\" width=\"100\" height=\"100\" class=\"wp-image-40\" style=\"width: 100px;\" src=\"https:\/\/comreivic.com\/web\/wp-content\/uploads\/2020\/08\/transparencia-min.png\" alt=\"\"><strong>Compromiso<\/strong><\/li>\n\n<li><img decoding=\"async\" width=\"100\" height=\"99\" class=\"wp-image-1194\" style=\"width: 100px;\" src=\"https:\/\/comreivic.com\/web\/wp-content\/uploads\/2025\/06\/passion.png\" alt=\"\" srcset=\"https:\/\/comreivic.com\/web\/wp-content\/uploads\/2025\/06\/passion.png 500w, https:\/\/comreivic.com\/web\/wp-content\/uploads\/2025\/06\/passion-300x300.png 300w, https:\/\/comreivic.com\/web\/wp-content\/uploads\/2025\/06\/passion-150x150.png 150w, https:\/\/comreivic.com\/web\/wp-content\/uploads\/2025\/06\/passion-100x100.png 100w\" sizes=\"(max-width: 100px) 100vw, 100px\" \/><strong>Pasi\u00f3n<\/strong><\/li>\n\n<li><img decoding=\"async\" width=\"100\" height=\"100\" class=\"wp-image-45\" style=\"width: 100px;\" src=\"https:\/\/comreivic.com\/web\/wp-content\/uploads\/2020\/08\/integridad-min.png\" alt=\"\"><strong>Confianza<\/strong><\/li>\n\n<li><img decoding=\"async\" width=\"100\" height=\"100\" class=\"wp-image-44\" style=\"width: 100px;\" src=\"https:\/\/comreivic.com\/web\/wp-content\/uploads\/2020\/08\/innovacion-min.png\" alt=\"\"><strong><strong>Innovaci\u00f3n<\/strong><\/strong><\/li>\n\n<li><img decoding=\"async\" width=\"100\" height=\"100\" class=\"wp-image-39\" style=\"width: 100px;\" src=\"https:\/\/comreivic.com\/web\/wp-content\/uploads\/2020\/08\/trabajoenequipo-min.png\" alt=\"\"><strong><strong><strong><strong>Cercan\u00eda<\/strong><\/strong><\/strong><\/strong><\/li><\/ul><\/div><\/div>","protected":false},"excerpt":{"rendered":"<p>COMREIVIC S.A. fundada en 1986, consolida una larga trayectoria en los rubros de miner\u00eda y construcci\u00f3n, con su sede central en Quito-Ecuador y sucursales en Guayaquil, en el 2010 inicia operaciones en Per\u00fa, teniendo sedes en Lima, Trujillo, Piura, Arequipa y Tarapoto, ofreciendo atenci\u00f3n para la adquisici\u00f3n, operaci\u00f3n, mantenimiento y reparaci\u00f3n de maquinaria pesada. Misi\u00f3n [&hellip;]<\/p>\n","protected":false},"author":1,"featured_media":686,"parent":0,"menu_order":0,"comment_status":"closed","ping_status":"closed","template":"page-other.php","meta":{"_editorskit_title_hidden":false,"_editorskit_reading_time":0,"_editorskit_is_block_options_detached":false,"_editorskit_block_options_position":"{}","footnotes":""},"class_list":["post-38","page","type-page","status-publish","has-post-thumbnail","hentry"],"yoast_head":"<!-- This site is optimized with the Yoast SEO plugin v26.8 - https:\/\/yoast.com\/product\/yoast-seo-wordpress\/ -->\n<title>Nosotros - COMREIVIC - Impulsando el Desarrollo<\/title>\n<meta name=\"robots\" content=\"index, follow, max-snippet:-1, max-image-preview:large, max-video-preview:-1\" \/>\n<link rel=\"canonical\" href=\"https:\/\/comreivic.com\/web\/nosotros\/\" \/>\n<meta property=\"og:locale\" content=\"es_ES\" \/>\n<meta property=\"og:type\" content=\"article\" \/>\n<meta property=\"og:title\" content=\"Nosotros - COMREIVIC - Impulsando el Desarrollo\" \/>\n<meta property=\"og:description\" content=\"COMREIVIC S.A. fundada en 1986, consolida una larga trayectoria en los rubros de miner\u00eda y construcci\u00f3n, con su sede central en Quito-Ecuador y sucursales en Guayaquil, en el 2010 inicia operaciones en Per\u00fa, teniendo sedes en Lima, Trujillo, Piura, Arequipa y Tarapoto, ofreciendo atenci\u00f3n para la adquisici\u00f3n, operaci\u00f3n, mantenimiento y reparaci\u00f3n de maquinaria pesada. Misi\u00f3n [&hellip;]\" \/>\n<meta property=\"og:url\" content=\"https:\/\/comreivic.com\/web\/nosotros\/\" \/>\n<meta property=\"og:site_name\" content=\"COMREIVIC - Impulsando el Desarrollo\" \/>\n<meta property=\"article:publisher\" content=\"https:\/\/www.facebook.com\/profile.php?id=61558286513507&amp;mibextid=ZbWKwL\" \/>\n<meta property=\"article:modified_time\" content=\"2025-06-13T13:55:54+00:00\" \/>\n<meta property=\"og:image\" content=\"https:\/\/comreivic.com\/web\/wp-content\/uploads\/2024\/02\/nosotros-imagen.principal2.jpg\" \/>\n\t<meta property=\"og:image:width\" content=\"1200\" \/>\n\t<meta property=\"og:image:height\" content=\"368\" \/>\n\t<meta property=\"og:image:type\" content=\"image\/jpeg\" \/>\n<meta name=\"twitter:card\" content=\"summary_large_image\" \/>\n<meta name=\"twitter:label1\" content=\"Tiempo de lectura\" \/>\n\t<meta name=\"twitter:data1\" content=\"1 minuto\" \/>\n<script type=\"application\/ld+json\" class=\"yoast-schema-graph\">{\"@context\":\"https:\/\/schema.org\",\"@graph\":[{\"@type\":\"WebPage\",\"@id\":\"https:\/\/comreivic.com\/web\/nosotros\/\",\"url\":\"https:\/\/comreivic.com\/web\/nosotros\/\",\"name\":\"Nosotros - COMREIVIC - Impulsando el Desarrollo\",\"isPartOf\":{\"@id\":\"https:\/\/comreivic.com\/web\/#website\"},\"primaryImageOfPage\":{\"@id\":\"https:\/\/comreivic.com\/web\/nosotros\/#primaryimage\"},\"image\":{\"@id\":\"https:\/\/comreivic.com\/web\/nosotros\/#primaryimage\"},\"thumbnailUrl\":\"https:\/\/comreivic.com\/web\/wp-content\/uploads\/2024\/02\/nosotros-imagen.principal2.jpg\",\"datePublished\":\"2020-08-13T21:39:32+00:00\",\"dateModified\":\"2025-06-13T13:55:54+00:00\",\"breadcrumb\":{\"@id\":\"https:\/\/comreivic.com\/web\/nosotros\/#breadcrumb\"},\"inLanguage\":\"es\",\"potentialAction\":[{\"@type\":\"ReadAction\",\"target\":[\"https:\/\/comreivic.com\/web\/nosotros\/\"]}]},{\"@type\":\"ImageObject\",\"inLanguage\":\"es\",\"@id\":\"https:\/\/comreivic.com\/web\/nosotros\/#primaryimage\",\"url\":\"https:\/\/comreivic.com\/web\/wp-content\/uploads\/2024\/02\/nosotros-imagen.principal2.jpg\",\"contentUrl\":\"https:\/\/comreivic.com\/web\/wp-content\/uploads\/2024\/02\/nosotros-imagen.principal2.jpg\",\"width\":1200,\"height\":368},{\"@type\":\"BreadcrumbList\",\"@id\":\"https:\/\/comreivic.com\/web\/nosotros\/#breadcrumb\",\"itemListElement\":[{\"@type\":\"ListItem\",\"position\":1,\"name\":\"Portada\",\"item\":\"https:\/\/comreivic.com\/web\/\"},{\"@type\":\"ListItem\",\"position\":2,\"name\":\"Nosotros\"}]},{\"@type\":\"WebSite\",\"@id\":\"https:\/\/comreivic.com\/web\/#website\",\"url\":\"https:\/\/comreivic.com\/web\/\",\"name\":\"COMREIVIC - Impulsando el Desarrollo\",\"description\":\"Equipos y Maquinaria para la Miner\u00eda y Construcci\u00f3n\",\"publisher\":{\"@id\":\"https:\/\/comreivic.com\/web\/#organization\"},\"potentialAction\":[{\"@type\":\"SearchAction\",\"target\":{\"@type\":\"EntryPoint\",\"urlTemplate\":\"https:\/\/comreivic.com\/web\/?s={search_term_string}\"},\"query-input\":{\"@type\":\"PropertyValueSpecification\",\"valueRequired\":true,\"valueName\":\"search_term_string\"}}],\"inLanguage\":\"es\"},{\"@type\":\"Organization\",\"@id\":\"https:\/\/comreivic.com\/web\/#organization\",\"name\":\"COMREIVIC - Impulsando el Desarrollo\",\"url\":\"https:\/\/comreivic.com\/web\/\",\"logo\":{\"@type\":\"ImageObject\",\"inLanguage\":\"es\",\"@id\":\"https:\/\/comreivic.com\/web\/#\/schema\/logo\/image\/\",\"url\":\"https:\/\/comreivic.com\/web\/wp-content\/uploads\/2024\/11\/favicon.png\",\"contentUrl\":\"https:\/\/comreivic.com\/web\/wp-content\/uploads\/2024\/11\/favicon.png\",\"width\":140,\"height\":140,\"caption\":\"COMREIVIC - Impulsando el Desarrollo\"},\"image\":{\"@id\":\"https:\/\/comreivic.com\/web\/#\/schema\/logo\/image\/\"},\"sameAs\":[\"https:\/\/www.facebook.com\/profile.php?id=61558286513507&mibextid=ZbWKwL\",\"https:\/\/www.linkedin.com\/company\/comreivic\",\"https:\/\/www.instagram.com\/comreivic.ec?igsh=M2Z6dXR6ZDN4aGtr\"]}]}<\/script>\n<!-- \/ Yoast SEO plugin. -->","yoast_head_json":{"title":"Nosotros - COMREIVIC - Impulsando el Desarrollo","robots":{"index":"index","follow":"follow","max-snippet":"max-snippet:-1","max-image-preview":"max-image-preview:large","max-video-preview":"max-video-preview:-1"},"canonical":"https:\/\/comreivic.com\/web\/nosotros\/","og_locale":"es_ES","og_type":"article","og_title":"Nosotros - COMREIVIC - Impulsando el Desarrollo","og_description":"COMREIVIC S.A. fundada en 1986, consolida una larga trayectoria en los rubros de miner\u00eda y construcci\u00f3n, con su sede central en Quito-Ecuador y sucursales en Guayaquil, en el 2010 inicia operaciones en Per\u00fa, teniendo sedes en Lima, Trujillo, Piura, Arequipa y Tarapoto, ofreciendo atenci\u00f3n para la adquisici\u00f3n, operaci\u00f3n, mantenimiento y reparaci\u00f3n de maquinaria pesada. Misi\u00f3n [&hellip;]","og_url":"https:\/\/comreivic.com\/web\/nosotros\/","og_site_name":"COMREIVIC - Impulsando el Desarrollo","article_publisher":"https:\/\/www.facebook.com\/profile.php?id=61558286513507&mibextid=ZbWKwL","article_modified_time":"2025-06-13T13:55:54+00:00","og_image":[{"width":1200,"height":368,"url":"https:\/\/comreivic.com\/web\/wp-content\/uploads\/2024\/02\/nosotros-imagen.principal2.jpg","type":"image\/jpeg"}],"twitter_card":"summary_large_image","twitter_misc":{"Tiempo de lectura":"1 minuto"},"schema":{"@context":"https:\/\/schema.org","@graph":[{"@type":"WebPage","@id":"https:\/\/comreivic.com\/web\/nosotros\/","url":"https:\/\/comreivic.com\/web\/nosotros\/","name":"Nosotros - COMREIVIC - Impulsando el Desarrollo","isPartOf":{"@id":"https:\/\/comreivic.com\/web\/#website"},"primaryImageOfPage":{"@id":"https:\/\/comreivic.com\/web\/nosotros\/#primaryimage"},"image":{"@id":"https:\/\/comreivic.com\/web\/nosotros\/#primaryimage"},"thumbnailUrl":"https:\/\/comreivic.com\/web\/wp-content\/uploads\/2024\/02\/nosotros-imagen.principal2.jpg","datePublished":"2020-08-13T21:39:32+00:00","dateModified":"2025-06-13T13:55:54+00:00","breadcrumb":{"@id":"https:\/\/comreivic.com\/web\/nosotros\/#breadcrumb"},"inLanguage":"es","potentialAction":[{"@type":"ReadAction","target":["https:\/\/comreivic.com\/web\/nosotros\/"]}]},{"@type":"ImageObject","inLanguage":"es","@id":"https:\/\/comreivic.com\/web\/nosotros\/#primaryimage","url":"https:\/\/comreivic.com\/web\/wp-content\/uploads\/2024\/02\/nosotros-imagen.principal2.jpg","contentUrl":"https:\/\/comreivic.com\/web\/wp-content\/uploads\/2024\/02\/nosotros-imagen.principal2.jpg","width":1200,"height":368},{"@type":"BreadcrumbList","@id":"https:\/\/comreivic.com\/web\/nosotros\/#breadcrumb","itemListElement":[{"@type":"ListItem","position":1,"name":"Portada","item":"https:\/\/comreivic.com\/web\/"},{"@type":"ListItem","position":2,"name":"Nosotros"}]},{"@type":"WebSite","@id":"https:\/\/comreivic.com\/web\/#website","url":"https:\/\/comreivic.com\/web\/","name":"COMREIVIC - Impulsando el Desarrollo","description":"Equipos y Maquinaria para la Miner\u00eda y Construcci\u00f3n","publisher":{"@id":"https:\/\/comreivic.com\/web\/#organization"},"potentialAction":[{"@type":"SearchAction","target":{"@type":"EntryPoint","urlTemplate":"https:\/\/comreivic.com\/web\/?s={search_term_string}"},"query-input":{"@type":"PropertyValueSpecification","valueRequired":true,"valueName":"search_term_string"}}],"inLanguage":"es"},{"@type":"Organization","@id":"https:\/\/comreivic.com\/web\/#organization","name":"COMREIVIC - Impulsando el Desarrollo","url":"https:\/\/comreivic.com\/web\/","logo":{"@type":"ImageObject","inLanguage":"es","@id":"https:\/\/comreivic.com\/web\/#\/schema\/logo\/image\/","url":"https:\/\/comreivic.com\/web\/wp-content\/uploads\/2024\/11\/favicon.png","contentUrl":"https:\/\/comreivic.com\/web\/wp-content\/uploads\/2024\/11\/favicon.png","width":140,"height":140,"caption":"COMREIVIC - Impulsando el Desarrollo"},"image":{"@id":"https:\/\/comreivic.com\/web\/#\/schema\/logo\/image\/"},"sameAs":["https:\/\/www.facebook.com\/profile.php?id=61558286513507&mibextid=ZbWKwL","https:\/\/www.linkedin.com\/company\/comreivic","https:\/\/www.instagram.com\/comreivic.ec?igsh=M2Z6dXR6ZDN4aGtr"]}]}},"_links":{"self":[{"href":"https:\/\/comreivic.com\/web\/wp-json\/wp\/v2\/pages\/38","targetHints":{"allow":["GET"]}}],"collection":[{"href":"https:\/\/comreivic.com\/web\/wp-json\/wp\/v2\/pages"}],"about":[{"href":"https:\/\/comreivic.com\/web\/wp-json\/wp\/v2\/types\/page"}],"author":[{"embeddable":true,"href":"https:\/\/comreivic.com\/web\/wp-json\/wp\/v2\/users\/1"}],"replies":[{"embeddable":true,"href":"https:\/\/comreivic.com\/web\/wp-json\/wp\/v2\/comments?post=38"}],"version-history":[{"count":3,"href":"https:\/\/comreivic.com\/web\/wp-json\/wp\/v2\/pages\/38\/revisions"}],"predecessor-version":[{"id":1195,"href":"https:\/\/comreivic.com\/web\/wp-json\/wp\/v2\/pages\/38\/revisions\/1195"}],"wp:featuredmedia":[{"embeddable":true,"href":"https:\/\/comreivic.com\/web\/wp-json\/wp\/v2\/media\/686"}],"wp:attachment":[{"href":"https:\/\/comreivic.com\/web\/wp-json\/wp\/v2\/media?parent=38"}],"curies":[{"name":"wp","href":"https:\/\/api.w.org\/{rel}","templated":true}]}}